{"id":7137,"date":"2024-04-17T15:07:00","date_gmt":"2024-04-17T15:07:00","guid":{"rendered":"https:\/\/paezeriai.info\/?page_id=7137"},"modified":"2024-04-17T15:07:00","modified_gmt":"2024-04-17T15:07:00","slug":"ekskursija-renesanso-pedsakai-vilkaviskio-kraste","status":"publish","type":"page","link":"https:\/\/paezeriai.info\/en\/ekskursija-renesanso-pedsakai-vilkaviskio-kraste\/","title":{"rendered":"Ekskursija \u201eRenesanso p\u0117dsakai Vilkavi\u0161kio kra\u0161te\u201c"},"content":{"rendered":"<p class=\"qtranxs-available-languages-message qtranxs-available-languages-message-en\">Sorry, this entry is only available in <a href=\"https:\/\/paezeriai.info\/lt\/wp-json\/wp\/v2\/pages\/7137\" class=\"qtranxs-available-language-link qtranxs-available-language-link-lt\" title=\"Lietuvi\u0173\">Lietuvi\u0173<\/a>. For the sake of viewer convenience, the content is shown below in the alternative language. You may click the link to switch the active language.<\/p><p><strong>Rugpj\u016b\u010dio 2 d., penktadien\u012f,\u00a0<\/strong>Vilkavi\u0161kio rajono Suvalkijos (S\u016bduvos) kult\u016bros centras-muziejus kvie\u010dia \u012f ekskursij\u0105 \u201eRenesanso p\u0117dsakai Vilkavi\u0161kio kra\u0161te\u201c.<\/p>\n<p><strong>10 val.<\/strong>\u00a0susitinkame Pae\u017eeri\u0173 dvaro sodyboje.<\/p>\n<p><strong>10 val. 15 min.<\/strong>\u00a0autobusu i\u0161vykstame \u012f\u00a0<strong>Virbal\u012f<\/strong>, kur su\u017einosime Virbalio (Nova Volios) miesto k\u016brimosi istorij\u0105, ie\u0161kosime Martyno Ma\u017evydo \u017eem\u0117s vald\u0173, su\u017einosime apie Virbalio miesto plan\u0105, kuris yra unikalus urbanistikos paminklas, atrasime i\u0161likusius ir nei\u0161likusios \u0161io miestelio objektus.<\/p>\n<p><strong>13 val.<\/strong>\u00a0i\u0161vykstame \u012f Alvit\u0105. Alvito ba\u017eny\u010dioje bus pristatyta Renesanso dvasi\u0105 liudijan\u010dio \u0161v\u010d. Mergel\u0117s Marijos paveikslo istorija, atskleisti \u012fdom\u016bs istoriniai faktai apie \u0161io paveikslo atsiradimo Alvite aplinkybes, aplankysime seniausius Alvito pastatus ir i\u0161girsime j\u0173 istorijas.<\/p>\n<p><strong>14 val. 30 min.<\/strong>\u00a0sugr\u012f\u017etame ir ekskursij\u0105 u\u017ebaigsime degustacija Pae\u017eeri\u0173 dvare \u2013 skanausime Bonos Sforcos pyrag\u0105 su arbata.<\/p>\n<p>Renginys nemokamas, ta\u010diau b\u016btina registracija.<\/p>\n<p>Rengin\u012f organizuoja Vilkavi\u0161kio rajono Suvalkijos (S\u016bduvos) kult\u016bros centras-muziejus (Dvaro g. 6, Pae\u017eeriai, Vilkavi\u0161kio r. sav). Daugiau informacijos ir\u00a0<strong>registracija<\/strong>\u00a0telefonu +370 621 91 018.<\/p>\n<p><a href=\"https:\/\/www.facebook.com\/hashtag\/lietuvosmuziejai?__eep__=6&amp;__cft__%5b0%5d=AZWRMH8-oCciqjIW-pVGC6fO5NE9sQe87NATF0bnMxwQY_OCjk2j5IQsCwIbaeGjc6RgE9muxcHD6lMJcDclWzBDK8zxlWk3iD1GClH11vp5n6NcAbNlMJz1Qrbs4JsqMzrivZ-yY4aglG1ZKp4nsOdzU1msRWVZnl44R5Oacksf7g&amp;__tn__=q\"><strong>#lietuvosmuziejai<\/strong><\/a>\u00a0<a href=\"https:\/\/www.facebook.com\/hashtag\/muziej%C5%B3kelias?__eep__=6&amp;__cft__%5b0%5d=AZWRMH8-oCciqjIW-pVGC6fO5NE9sQe87NATF0bnMxwQY_OCjk2j5IQsCwIbaeGjc6RgE9muxcHD6lMJcDclWzBDK8zxlWk3iD1GClH11vp5n6NcAbNlMJz1Qrbs4JsqMzrivZ-yY4aglG1ZKp4nsOdzU1msRWVZnl44R5Oacksf7g&amp;__tn__=q\"><strong>#muziej\u0173kelias<\/strong><\/a>\u00a0<a href=\"https:\/\/www.facebook.com\/hashtag\/muziej%C5%B3kelias2024?__eep__=6&amp;__cft__%5b0%5d=AZWRMH8-oCciqjIW-pVGC6fO5NE9sQe87NATF0bnMxwQY_OCjk2j5IQsCwIbaeGjc6RgE9muxcHD6lMJcDclWzBDK8zxlWk3iD1GClH11vp5n6NcAbNlMJz1Qrbs4JsqMzrivZ-yY4aglG1ZKp4nsOdzU1msRWVZnl44R5Oacksf7g&amp;__tn__=q\"><strong>#muziej\u0173kelias2024<\/strong><\/a><\/p>\n<p>&#8212;&#8212;&#8212;&#8212;-<br \/>\nRenginys yra 2024 met\u0173 Lietuvos muziej\u0173 kelio \u201eEuropos \u017eenklai Lietuvoje: Renesansas\u201c programos dalis. Nemokami renginiai visoje Lietuvoje t\u0119sis iki pat rudens. J\u0173 programos ie\u0161kokite adresu muziejukelias.lt<\/p>\n<p>Lietuvos muziej\u0173 kelio organizatorius Lietuvos muziej\u0173 asociacija, informacinis partneris LRT, partneris Lietuvos turizmo informacijos centr\u0173 asociacija, finansuoja Lietuvos kult\u016bros taryba. Renginiai organizuojami pagal kult\u016bros paveldo sklaidos program\u0105 \u201eGimtoji Europa\u201c.<\/p>","protected":false},"excerpt":{"rendered":"<p>Sorry, this entry is only available in Lietuvi\u0173. For the sake of viewer convenience, the content is shown below in the alternative language. You may click the link to switch the active language.Rugpj\u016b\u010dio 2 d., penktadien\u012f,\u00a0Vilkavi\u0161kio rajono Suvalkijos (S\u016bduvos) kult\u016bros centras-muziejus kvie\u010dia \u012f ekskursij\u0105 \u201eRenesanso p\u0117dsakai Vilkavi\u0161kio kra\u0161te\u201c. 10 val.\u00a0susitinkame Pae\u017eeri\u0173 dvaro sodyboje. 10 val.<\/p>\n","protected":false},"author":2,"featured_media":7136,"parent":0,"menu_order":0,"comment_status":"closed","ping_status":"closed","template":"","meta":{"footnotes":""},"class_list":["post-7137","page","type-page","status-publish","has-post-thumbnail","hentry"],"_links":{"self":[{"href":"https:\/\/paezeriai.info\/en\/wp-json\/wp\/v2\/pages\/7137","targetHints":{"allow":["GET"]}}],"collection":[{"href":"https:\/\/paezeriai.info\/en\/wp-json\/wp\/v2\/pages"}],"about":[{"href":"https:\/\/paezeriai.info\/en\/wp-json\/wp\/v2\/types\/page"}],"author":[{"embeddable":true,"href":"https:\/\/paezeriai.info\/en\/wp-json\/wp\/v2\/users\/2"}],"replies":[{"embeddable":true,"href":"https:\/\/paezeriai.info\/en\/wp-json\/wp\/v2\/comments?post=7137"}],"version-history":[{"count":1,"href":"https:\/\/paezeriai.info\/en\/wp-json\/wp\/v2\/pages\/7137\/revisions"}],"predecessor-version":[{"id":7138,"href":"https:\/\/paezeriai.info\/en\/wp-json\/wp\/v2\/pages\/7137\/revisions\/7138"}],"wp:featuredmedia":[{"embeddable":true,"href":"https:\/\/paezeriai.info\/en\/wp-json\/wp\/v2\/media\/7136"}],"wp:attachment":[{"href":"https:\/\/paezeriai.info\/en\/wp-json\/wp\/v2\/media?parent=7137"}],"curies":[{"name":"wp","href":"https:\/\/api.w.org\/{rel}","templated":true}]}}