{"id":3158,"date":"2021-10-24T12:04:06","date_gmt":"2021-10-24T12:04:06","guid":{"rendered":"https:\/\/paezeriai.info\/?page_id=3158"},"modified":"2021-10-24T15:06:56","modified_gmt":"2021-10-24T15:06:56","slug":"kilnojamos-parodos","status":"publish","type":"page","link":"https:\/\/paezeriai.info\/en\/kilnojamos-parodos\/","title":{"rendered":"Kilnojamos parodos"},"content":{"rendered":"\t\t<div data-elementor-type=\"wp-page\" data-elementor-id=\"3158\" class=\"elementor elementor-3158\" data-elementor-post-type=\"page\">\n\t\t\t\t\t\t<section class=\"elementor-section elementor-top-section elementor-element elementor-element-8289af6 elementor-section-boxed elementor-section-height-default elementor-section-height-default\" data-id=\"8289af6\" data-element_type=\"section\" data-e-type=\"section\">\n\t\t\t\t\t\t<div class=\"elementor-container elementor-column-gap-default\">\n\t\t\t\t\t<div class=\"elementor-column elementor-col-100 elementor-top-column elementor-element elementor-element-69cafb5\" data-id=\"69cafb5\" data-element_type=\"column\" data-e-type=\"column\">\n\t\t\t<div class=\"elementor-widget-wrap elementor-element-populated\">\n\t\t\t\t\t\t<div class=\"elementor-element elementor-element-6b87910 elementor-widget elementor-widget-text-editor\" data-id=\"6b87910\" data-element_type=\"widget\" data-e-type=\"widget\" data-widget_type=\"text-editor.default\">\n\t\t\t\t<div class=\"elementor-widget-container\">\n\t\t\t\t\t\t\t\t\t<p>Kilnojamoji paroda ,,Vie\u0161patie, leisk man byr\u0117ti gr\u016bdu \u012f Tavo kl\u0117t\u012f &#8230;&#8221;\u00a0 \u2013 skirta poetui Kaziui Brad\u016bnui.<br \/>Eksponuojamos poeto gyvenim\u0105 iliustruojan\u010dios nuotraukos i\u0161 poeto \u0161eimos archyvo, Alvito pagrindin\u0117s mokyklos ir Bak\u016bn\u0173 \u0161eimos fond\u0173, rankra\u0161\u010diai bei poezijos leidiniai.<br \/>Parodos formatas: 8 pakabinami stendai su stiklais (60&#215;80 cm), 65 fotografijomis.<br \/>Poetas Kazys Brad\u016bnas gim\u0117 1917 m. vasario 11 d. Kir\u0161\u0173 k., Alvito vls., Vilkavi\u0161kio aps., mir\u0117 2009-02-09 Vilniuje. Baig\u0119s Vilkavi\u0161kio gimnazij\u0105, studijavo VDU Teologijos filosofijos fakultete. Studijas baig\u0117 1943 m., 1944 m. pasitrauk\u0117 \u012f Vokietij\u0105. 1949 \u2013 1994 m. gyveno JAV, Baltimor\u0117je. Priklaus\u0117 \u017eeminink\u0173 kartai, i\u0161leido 21 poezijos rinkin\u012f. Apdovanotas Lietuvos nacionaline premija (1992 m.), Lietuvos did\u017eiojo kunigaik\u0161\u010dio Gedimino 4 laipsnio ordinu (1994\u00a0m.), ,,Poezijos pavasario\u201c laureatas (2002 m.).<br \/><br \/>D\u0117l parodos eksponavimo kreiptis:<\/p><p>Elena Rupeikien\u0117\u00a0<\/p><p>vyr. fond\u0173 saugotoja<br \/>Tel. 8-342 46268<br \/>elena.rupeikiene@gmail.com<\/p><hr \/><p>Kilnojamoji paroda ,,Vilkavi\u0161kis senuosiuose atvirukuose\u201c. Eksponuojami 1914 \u2013 1940 m. atvirukai su Vilkavi\u0161kio miesto gatvi\u0173, pastat\u0173, paminkl\u0173, rengini\u0173 vaizdais.<br \/>Nuotraukose u\u017efiksuotas Vilkavi\u0161kis I \u2013 o ir II \u2013 o pasaulinio karo metu, prezidento A. Smetonos apsilankymai, \u012fvair\u016bs tarpukario \u012fvykiai ir renginiai: parko sodinimas, atlaidai, turgai, Vilkavi\u0161kio kareivin\u0117s, XVII am\u017eiaus sinagoga ir kt.\u00a0<br \/>Atvirukai atskleid\u017eia XX a. pirmos pus\u0117s miestie\u010di\u0173 gyvenim\u0105.\u00a0<br \/>Parodos formatas: 14 pakabinam\u0173 stend\u0173 su stiklais (60&#215;80 cm) 56 fotografijomis ir du miesto planai.\u00a0<br \/><br \/>D\u0117l parodos eksponavimo kreiptis:<br \/>Elena Rupeikien\u0117<\/p><p>vyr. fond\u0173 saugotoja<br \/>Tel. 8-342 46268<br \/>elena.rupeikiene@gmail.com<\/p><hr \/><p>Kilnojamoji paroda ,,Vilkavi\u0161kio kra\u0161to etnografin\u0117s sodybos: paie\u0161k\u0173 fiksavimo ir pritaikymo galimybi\u0173 studija\u201c.<br \/>Vilkavi\u0161kio kra\u0161to muziejaus parengtoje kilnojamoje parodoje ,,Vilkavi\u0161kio kra\u0161to etnografin\u0117s sodybos: paie\u0161k\u0173 fiksavimo ir pritaikymo galimybi\u0173 studija\u201c pristatomi nykstantys vertingi etnografiniai trobesiai, kuriuose dar gausu liaudies architekt\u016bros, menin\u0117s puo\u0161ybos element\u0173.\u00a0<br \/>Paroda yra kaip metodin\u0117 parama naujiems sodyb\u0173 \u0161eimininkams, da\u017eniausiai miestie\u010diams, kaime \u012fsigijusiems \u017eem\u0119 su joje esan\u010diais trobesiais arba j\u0173 liekanomis. Paroda skiriama ir Lietuvos sve\u010diams turistiniais mar\u0161rutais pasiekusiems Lietuvos kaim\u0105, kad kit\u0173 valstybi\u0173 gyventojai geriau pa\u017eint\u0173 m\u016bs\u0173 kra\u0161t\u0105 per jo istorij\u0105, etnokult\u016br\u0105 ir pajust\u0173 lietuvi\u0173 kult\u016bros savitum\u0105, suvokt\u0173 m\u016bs\u0173 paveldo i\u0161liekam\u0105j\u0105 vert\u0119 bendroje Europos kult\u016broje.\u00a0<br \/>Parodos formatas: 12 pakabinam\u0173 stend\u0173 su stiklais (60&#215;80 cm) 130 fotografij\u0173.<br \/><br \/>D\u0117l parodos eksponavimo kreiptis:<br \/>Au\u0161ra Mickevi\u010dien\u0117\u00a0<br \/>muziejinink\u0117 &#8211; edukator\u0117<br \/>Tel. 8-342 46268<br \/>ausra.muziejus@gmail.com<\/p>\t\t\t\t\t\t\t\t<\/div>\n\t\t\t\t<\/div>\n\t\t\t\t\t<\/div>\n\t\t<\/div>\n\t\t\t\t\t<\/div>\n\t\t<\/section>\n\t\t\t\t<\/div>\n\t\t","protected":false},"excerpt":{"rendered":"<p>Kilnojamoji paroda ,,Vie\u0161patie, leisk man byr\u0117ti gr\u016bdu \u012f Tavo kl\u0117t\u012f &#8230;&#8221;\u00a0 \u2013 skirta poetui Kaziui Brad\u016bnui.Eksponuojamos poeto gyvenim\u0105 iliustruojan\u010dios nuotraukos i\u0161 poeto \u0161eimos archyvo, Alvito pagrindin\u0117s mokyklos ir Bak\u016bn\u0173 \u0161eimos fond\u0173, rankra\u0161\u010diai bei poezijos leidiniai.Parodos formatas: 8 pakabinami stendai su stiklais (60&#215;80 cm), 65 fotografijomis.Poetas Kazys Brad\u016bnas gim\u0117 1917 m. vasario 11 d. Kir\u0161\u0173 k.,<\/p>\n","protected":false},"author":1,"featured_media":0,"parent":0,"menu_order":0,"comment_status":"closed","ping_status":"closed","template":"","meta":{"footnotes":""},"class_list":["post-3158","page","type-page","status-publish","hentry"],"_links":{"self":[{"href":"https:\/\/paezeriai.info\/en\/wp-json\/wp\/v2\/pages\/3158","targetHints":{"allow":["GET"]}}],"collection":[{"href":"https:\/\/paezeriai.info\/en\/wp-json\/wp\/v2\/pages"}],"about":[{"href":"https:\/\/paezeriai.info\/en\/wp-json\/wp\/v2\/types\/page"}],"author":[{"embeddable":true,"href":"https:\/\/paezeriai.info\/en\/wp-json\/wp\/v2\/users\/1"}],"replies":[{"embeddable":true,"href":"https:\/\/paezeriai.info\/en\/wp-json\/wp\/v2\/comments?post=3158"}],"version-history":[{"count":4,"href":"https:\/\/paezeriai.info\/en\/wp-json\/wp\/v2\/pages\/3158\/revisions"}],"predecessor-version":[{"id":3549,"href":"https:\/\/paezeriai.info\/en\/wp-json\/wp\/v2\/pages\/3158\/revisions\/3549"}],"wp:attachment":[{"href":"https:\/\/paezeriai.info\/en\/wp-json\/wp\/v2\/media?parent=3158"}],"curies":[{"name":"wp","href":"https:\/\/api.w.org\/{rel}","templated":true}]}}