{"id":3154,"date":"2021-10-24T12:02:56","date_gmt":"2021-10-24T12:02:56","guid":{"rendered":"https:\/\/paezeriai.info\/?page_id=3154"},"modified":"2024-12-13T07:09:54","modified_gmt":"2024-12-13T07:09:54","slug":"ledaines-ekspozicines-sales","status":"publish","type":"page","link":"https:\/\/paezeriai.info\/en\/ledaines-ekspozicines-sales\/","title":{"rendered":"Ledain\u0117s ekspozicin\u0117s sal\u0117s"},"content":{"rendered":"\t\t<div data-elementor-type=\"wp-page\" data-elementor-id=\"3154\" class=\"elementor elementor-3154\" data-elementor-post-type=\"page\">\n\t\t\t\t\t\t<section class=\"elementor-section elementor-top-section elementor-element elementor-element-5480592 elementor-section-boxed elementor-section-height-default elementor-section-height-default\" data-id=\"5480592\" data-element_type=\"section\" data-e-type=\"section\">\n\t\t\t\t\t\t<div class=\"elementor-container elementor-column-gap-default\">\n\t\t\t\t\t<div class=\"elementor-column elementor-col-50 elementor-top-column elementor-element elementor-element-27af32b\" data-id=\"27af32b\" data-element_type=\"column\" data-e-type=\"column\">\n\t\t\t<div class=\"elementor-widget-wrap\">\n\t\t\t\t\t\t\t<\/div>\n\t\t<\/div>\n\t\t\t\t<div class=\"elementor-column elementor-col-50 elementor-top-column elementor-element elementor-element-72276bd\" data-id=\"72276bd\" data-element_type=\"column\" data-e-type=\"column\">\n\t\t\t<div class=\"elementor-widget-wrap\">\n\t\t\t\t\t\t\t<\/div>\n\t\t<\/div>\n\t\t\t\t\t<\/div>\n\t\t<\/section>\n\t\t\t\t<section class=\"elementor-section elementor-top-section elementor-element elementor-element-99290b5 elementor-section-boxed elementor-section-height-default elementor-section-height-default\" data-id=\"99290b5\" data-element_type=\"section\" data-e-type=\"section\">\n\t\t\t\t\t\t<div class=\"elementor-container elementor-column-gap-default\">\n\t\t\t\t\t<div class=\"elementor-column elementor-col-100 elementor-top-column elementor-element elementor-element-b8aa434\" data-id=\"b8aa434\" data-element_type=\"column\" data-e-type=\"column\">\n\t\t\t<div class=\"elementor-widget-wrap elementor-element-populated\">\n\t\t\t\t\t\t<div class=\"elementor-element elementor-element-6e2b88e elementor-widget elementor-widget-heading\" data-id=\"6e2b88e\" data-element_type=\"widget\" data-e-type=\"widget\" data-widget_type=\"heading.default\">\n\t\t\t\t<div class=\"elementor-widget-container\">\n\t\t\t\t\t<h2 class=\"elementor-heading-title elementor-size-default\">Paroda \u201eI\u0161 mo\u010diut\u0117s skrynios\u201c <\/h2>\t\t\t\t<\/div>\n\t\t\t\t<\/div>\n\t\t\t\t\t<\/div>\n\t\t<\/div>\n\t\t\t\t\t<\/div>\n\t\t<\/section>\n\t\t\t\t<section class=\"elementor-section elementor-top-section elementor-element elementor-element-cb69c96 elementor-section-boxed elementor-section-height-default elementor-section-height-default\" data-id=\"cb69c96\" data-element_type=\"section\" data-e-type=\"section\">\n\t\t\t\t\t\t<div class=\"elementor-container elementor-column-gap-default\">\n\t\t\t\t\t<div class=\"elementor-column elementor-col-100 elementor-top-column elementor-element elementor-element-e50d10f\" data-id=\"e50d10f\" data-element_type=\"column\" data-e-type=\"column\">\n\t\t\t<div class=\"elementor-widget-wrap elementor-element-populated\">\n\t\t\t\t\t\t<div class=\"elementor-element elementor-element-1a97546 elementor-widget elementor-widget-image\" data-id=\"1a97546\" data-element_type=\"widget\" data-e-type=\"widget\" data-widget_type=\"image.default\">\n\t\t\t\t<div class=\"elementor-widget-container\">\n\t\t\t\t\t\t\t\t\t\t\t\t\t\t\t\t<a href=\"https:\/\/paezeriai.info\/wp-content\/uploads\/2024\/11\/IS-MOCIUTES-SKRYNIOS.png\">\n\t\t\t\t\t\t\t<img fetchpriority=\"high\" decoding=\"async\" width=\"212\" height=\"300\" src=\"https:\/\/paezeriai.info\/wp-content\/uploads\/2024\/11\/IS-MOCIUTES-SKRYNIOS-212x300.png\" class=\"attachment-medium size-medium wp-image-7921\" alt=\"\" srcset=\"https:\/\/paezeriai.info\/wp-content\/uploads\/2024\/11\/IS-MOCIUTES-SKRYNIOS-212x300.png 212w, https:\/\/paezeriai.info\/wp-content\/uploads\/2024\/11\/IS-MOCIUTES-SKRYNIOS-724x1024.png 724w, https:\/\/paezeriai.info\/wp-content\/uploads\/2024\/11\/IS-MOCIUTES-SKRYNIOS-768x1086.png 768w, https:\/\/paezeriai.info\/wp-content\/uploads\/2024\/11\/IS-MOCIUTES-SKRYNIOS-1086x1536.png 1086w, https:\/\/paezeriai.info\/wp-content\/uploads\/2024\/11\/IS-MOCIUTES-SKRYNIOS.png 1414w\" sizes=\"(max-width: 212px) 100vw, 212px\" \/>\t\t\t\t\t\t\t\t<\/a>\n\t\t\t\t\t\t\t\t\t\t\t\t\t\t\t<\/div>\n\t\t\t\t<\/div>\n\t\t\t\t\t<\/div>\n\t\t<\/div>\n\t\t\t\t\t<\/div>\n\t\t<\/section>\n\t\t\t\t<section class=\"elementor-section elementor-top-section elementor-element elementor-element-748c8e3 elementor-section-boxed elementor-section-height-default elementor-section-height-default\" data-id=\"748c8e3\" data-element_type=\"section\" data-e-type=\"section\">\n\t\t\t\t\t\t<div class=\"elementor-container elementor-column-gap-default\">\n\t\t\t\t\t<div class=\"elementor-column elementor-col-100 elementor-top-column elementor-element elementor-element-cd2e36c\" data-id=\"cd2e36c\" data-element_type=\"column\" data-e-type=\"column\">\n\t\t\t<div class=\"elementor-widget-wrap elementor-element-populated\">\n\t\t\t\t\t\t<div class=\"elementor-element elementor-element-b00edb5 elementor-widget-divider--view-line elementor-widget elementor-widget-divider\" data-id=\"b00edb5\" data-element_type=\"widget\" data-e-type=\"widget\" data-widget_type=\"divider.default\">\n\t\t\t\t<div class=\"elementor-widget-container\">\n\t\t\t\t\t\t\t<div class=\"elementor-divider\">\n\t\t\t<span class=\"elementor-divider-separator\">\n\t\t\t\t\t\t<\/span>\n\t\t<\/div>\n\t\t\t\t\t\t<\/div>\n\t\t\t\t<\/div>\n\t\t\t\t\t<\/div>\n\t\t<\/div>\n\t\t\t\t\t<\/div>\n\t\t<\/section>\n\t\t\t\t<\/div>\n\t\t","protected":false},"excerpt":{"rendered":"<p>Paroda \u201eI\u0161 mo\u010diut\u0117s skrynios\u201c<\/p>\n","protected":false},"author":1,"featured_media":0,"parent":0,"menu_order":0,"comment_status":"closed","ping_status":"closed","template":"","meta":{"footnotes":""},"class_list":["post-3154","page","type-page","status-publish","hentry"],"_links":{"self":[{"href":"https:\/\/paezeriai.info\/en\/wp-json\/wp\/v2\/pages\/3154","targetHints":{"allow":["GET"]}}],"collection":[{"href":"https:\/\/paezeriai.info\/en\/wp-json\/wp\/v2\/pages"}],"about":[{"href":"https:\/\/paezeriai.info\/en\/wp-json\/wp\/v2\/types\/page"}],"author":[{"embeddable":true,"href":"https:\/\/paezeriai.info\/en\/wp-json\/wp\/v2\/users\/1"}],"replies":[{"embeddable":true,"href":"https:\/\/paezeriai.info\/en\/wp-json\/wp\/v2\/comments?post=3154"}],"version-history":[{"count":114,"href":"https:\/\/paezeriai.info\/en\/wp-json\/wp\/v2\/pages\/3154\/revisions"}],"predecessor-version":[{"id":8060,"href":"https:\/\/paezeriai.info\/en\/wp-json\/wp\/v2\/pages\/3154\/revisions\/8060"}],"wp:attachment":[{"href":"https:\/\/paezeriai.info\/en\/wp-json\/wp\/v2\/media?parent=3154"}],"curies":[{"name":"wp","href":"https:\/\/api.w.org\/{rel}","templated":true}]}}