{"id":3149,"date":"2021-10-24T12:00:41","date_gmt":"2021-10-24T12:00:41","guid":{"rendered":"https:\/\/paezeriai.info\/?page_id=3149"},"modified":"2024-12-12T17:49:12","modified_gmt":"2024-12-12T17:49:12","slug":"rumu-ekspozicines-parodos","status":"publish","type":"page","link":"https:\/\/paezeriai.info\/en\/rumu-ekspozicines-parodos\/","title":{"rendered":"R\u016bm\u0173 ekspozicin\u0117s sal\u0117s"},"content":{"rendered":"\t\t<div data-elementor-type=\"wp-page\" data-elementor-id=\"3149\" class=\"elementor elementor-3149\" data-elementor-post-type=\"page\">\n\t\t\t\t\t\t<section class=\"elementor-section elementor-top-section elementor-element elementor-element-8d0eef3 elementor-section-boxed elementor-section-height-default elementor-section-height-default\" data-id=\"8d0eef3\" data-element_type=\"section\" data-e-type=\"section\">\n\t\t\t\t\t\t<div class=\"elementor-container elementor-column-gap-default\">\n\t\t\t\t\t<div class=\"elementor-column elementor-col-100 elementor-top-column elementor-element elementor-element-6062121\" data-id=\"6062121\" data-element_type=\"column\" data-e-type=\"column\">\n\t\t\t<div class=\"elementor-widget-wrap elementor-element-populated\">\n\t\t\t\t\t\t<div class=\"elementor-element elementor-element-508c2f7 elementor-widget elementor-widget-image\" data-id=\"508c2f7\" data-element_type=\"widget\" data-e-type=\"widget\" data-widget_type=\"image.default\">\n\t\t\t\t<div class=\"elementor-widget-container\">\n\t\t\t\t\t\t\t\t\t\t\t\t\t\t\t\t<a href=\"https:\/\/paezeriai.info\/wp-content\/uploads\/2024\/12\/Art-Deco-Paezeriuose-300x600-3.png\" data-elementor-open-lightbox=\"yes\" data-elementor-lightbox-title=\"Art Deco Paezeriuose 300x600 (3)\" data-e-action-hash=\"#elementor-action%3Aaction%3Dlightbox%26settings%3DeyJpZCI6ODAzNiwidXJsIjoiaHR0cHM6XC9cL3BhZXplcmlhaS5pbmZvXC93cC1jb250ZW50XC91cGxvYWRzXC8yMDI0XC8xMlwvQXJ0LURlY28tUGFlemVyaXVvc2UtMzAweDYwMC0zLnBuZyJ9\">\n\t\t\t\t\t\t\t<img fetchpriority=\"high\" decoding=\"async\" width=\"1050\" height=\"525\" src=\"https:\/\/paezeriai.info\/wp-content\/uploads\/2024\/12\/Art-Deco-Paezeriuose-300x600-3.png\" class=\"attachment-2048x2048 size-2048x2048 wp-image-8036\" alt=\"\" srcset=\"https:\/\/paezeriai.info\/wp-content\/uploads\/2024\/12\/Art-Deco-Paezeriuose-300x600-3.png 1050w, https:\/\/paezeriai.info\/wp-content\/uploads\/2024\/12\/Art-Deco-Paezeriuose-300x600-3-300x150.png 300w, https:\/\/paezeriai.info\/wp-content\/uploads\/2024\/12\/Art-Deco-Paezeriuose-300x600-3-1024x512.png 1024w, https:\/\/paezeriai.info\/wp-content\/uploads\/2024\/12\/Art-Deco-Paezeriuose-300x600-3-768x384.png 768w\" sizes=\"(max-width: 1050px) 100vw, 1050px\" \/>\t\t\t\t\t\t\t\t<\/a>\n\t\t\t\t\t\t\t\t\t\t\t\t\t\t\t<\/div>\n\t\t\t\t<\/div>\n\t\t\t\t<div class=\"elementor-element elementor-element-0d75ea7 elementor-widget elementor-widget-image-box\" data-id=\"0d75ea7\" data-element_type=\"widget\" data-e-type=\"widget\" data-widget_type=\"image-box.default\">\n\t\t\t\t<div class=\"elementor-widget-container\">\n\t\t\t\t\t<div class=\"elementor-image-box-wrapper\"><div class=\"elementor-image-box-content\"><h3 class=\"elementor-image-box-title\">Paroda Art Deco i\u0161 Aleksandro Vasiljevo fondo kolekcijos<\/h3><\/div><\/div>\t\t\t\t<\/div>\n\t\t\t\t<\/div>\n\t\t\t\t<div class=\"elementor-element elementor-element-73f9b8a elementor-widget-divider--view-line elementor-widget elementor-widget-divider\" data-id=\"73f9b8a\" data-element_type=\"widget\" data-e-type=\"widget\" data-widget_type=\"divider.default\">\n\t\t\t\t<div class=\"elementor-widget-container\">\n\t\t\t\t\t\t\t<div class=\"elementor-divider\">\n\t\t\t<span class=\"elementor-divider-separator\">\n\t\t\t\t\t\t<\/span>\n\t\t<\/div>\n\t\t\t\t\t\t<\/div>\n\t\t\t\t<\/div>\n\t\t\t\t\t<\/div>\n\t\t<\/div>\n\t\t\t\t\t<\/div>\n\t\t<\/section>\n\t\t\t\t<section class=\"elementor-section elementor-top-section elementor-element elementor-element-021e7cc elementor-section-boxed elementor-section-height-default elementor-section-height-default\" data-id=\"021e7cc\" data-element_type=\"section\" data-e-type=\"section\">\n\t\t\t\t\t\t<div class=\"elementor-container elementor-column-gap-default\">\n\t\t\t\t\t<div class=\"elementor-column elementor-col-100 elementor-top-column elementor-element elementor-element-76813e9\" data-id=\"76813e9\" data-element_type=\"column\" data-e-type=\"column\">\n\t\t\t<div class=\"elementor-widget-wrap elementor-element-populated\">\n\t\t\t\t\t\t<div class=\"elementor-element elementor-element-ead91f8 elementor-widget elementor-widget-image-box\" data-id=\"ead91f8\" data-element_type=\"widget\" data-e-type=\"widget\" data-widget_type=\"image-box.default\">\n\t\t\t\t<div class=\"elementor-widget-container\">\n\t\t\t\t\t<div class=\"elementor-image-box-wrapper\"><div class=\"elementor-image-box-content\"><h3 class=\"elementor-image-box-title\">XVIII\u2013XX A. PR. EUROPOS DAIL\u0116 I\u0160 MYKOLO \u017dILINSKO KOLEKCIJOS<\/h3><\/div><\/div>\t\t\t\t<\/div>\n\t\t\t\t<\/div>\n\t\t\t\t<div class=\"elementor-element elementor-element-0702456 elementor-widget elementor-widget-text-editor\" data-id=\"0702456\" data-element_type=\"widget\" data-e-type=\"widget\" data-widget_type=\"text-editor.default\">\n\t\t\t\t<div class=\"elementor-widget-container\">\n\t\t\t\t\t\t\t\t\t<p><a href=\"https:\/\/paezeriai.info\/wp-content\/uploads\/2022\/01\/parodos2.pdf\">Pla\u010diau<\/a><\/p>\t\t\t\t\t\t\t\t<\/div>\n\t\t\t\t<\/div>\n\t\t\t\t<div class=\"elementor-element elementor-element-5a8dde5 elementor-widget elementor-widget-image\" data-id=\"5a8dde5\" data-element_type=\"widget\" data-e-type=\"widget\" data-widget_type=\"image.default\">\n\t\t\t\t<div class=\"elementor-widget-container\">\n\t\t\t\t\t\t\t\t\t\t\t\t\t\t\t\t<a href=\"https:\/\/paezeriai.info\/wp-content\/uploads\/2022\/01\/ekspo-scaled.jpg\" data-elementor-open-lightbox=\"yes\" data-elementor-lightbox-title=\"ekspo\" data-e-action-hash=\"#elementor-action%3Aaction%3Dlightbox%26settings%3DeyJpZCI6NDA3MCwidXJsIjoiaHR0cHM6XC9cL3BhZXplcmlhaS5pbmZvXC93cC1jb250ZW50XC91cGxvYWRzXC8yMDIyXC8wMVwvZWtzcG8tc2NhbGVkLmpwZyJ9\">\n\t\t\t\t\t\t\t<img decoding=\"async\" width=\"2048\" height=\"1373\" src=\"https:\/\/paezeriai.info\/wp-content\/uploads\/2022\/01\/ekspo-2048x1373.jpg\" class=\"attachment-2048x2048 size-2048x2048 wp-image-4070\" alt=\"\" srcset=\"https:\/\/paezeriai.info\/wp-content\/uploads\/2022\/01\/ekspo-2048x1373.jpg 2048w, https:\/\/paezeriai.info\/wp-content\/uploads\/2022\/01\/ekspo-300x201.jpg 300w, https:\/\/paezeriai.info\/wp-content\/uploads\/2022\/01\/ekspo-1024x687.jpg 1024w, https:\/\/paezeriai.info\/wp-content\/uploads\/2022\/01\/ekspo-768x515.jpg 768w, https:\/\/paezeriai.info\/wp-content\/uploads\/2022\/01\/ekspo-1536x1030.jpg 1536w, https:\/\/paezeriai.info\/wp-content\/uploads\/2022\/01\/ekspo-360x240.jpg 360w\" sizes=\"(max-width: 2048px) 100vw, 2048px\" \/>\t\t\t\t\t\t\t\t<\/a>\n\t\t\t\t\t\t\t\t\t\t\t\t\t\t\t<\/div>\n\t\t\t\t<\/div>\n\t\t\t\t<div class=\"elementor-element elementor-element-ad28928 elementor-widget-divider--view-line elementor-widget elementor-widget-divider\" data-id=\"ad28928\" data-element_type=\"widget\" data-e-type=\"widget\" data-widget_type=\"divider.default\">\n\t\t\t\t<div class=\"elementor-widget-container\">\n\t\t\t\t\t\t\t<div class=\"elementor-divider\">\n\t\t\t<span class=\"elementor-divider-separator\">\n\t\t\t\t\t\t<\/span>\n\t\t<\/div>\n\t\t\t\t\t\t<\/div>\n\t\t\t\t<\/div>\n\t\t\t\t\t<\/div>\n\t\t<\/div>\n\t\t\t\t\t<\/div>\n\t\t<\/section>\n\t\t\t\t<section class=\"elementor-section elementor-top-section elementor-element elementor-element-0c9864c elementor-section-boxed elementor-section-height-default elementor-section-height-default\" data-id=\"0c9864c\" data-element_type=\"section\" data-e-type=\"section\">\n\t\t\t\t\t\t<div class=\"elementor-container elementor-column-gap-default\">\n\t\t\t\t\t<div class=\"elementor-column elementor-col-100 elementor-top-column elementor-element elementor-element-8ad6cd0\" data-id=\"8ad6cd0\" data-element_type=\"column\" data-e-type=\"column\">\n\t\t\t<div class=\"elementor-widget-wrap elementor-element-populated\">\n\t\t\t\t\t\t<div class=\"elementor-element elementor-element-02a25f0 elementor-widget elementor-widget-image\" data-id=\"02a25f0\" data-element_type=\"widget\" data-e-type=\"widget\" data-widget_type=\"image.default\">\n\t\t\t\t<div class=\"elementor-widget-container\">\n\t\t\t\t\t\t\t\t\t\t\t\t\t\t\t\t<a href=\"https:\/\/paezeriai.info\/wp-content\/uploads\/2023\/08\/002-scaled.jpg\" data-elementor-open-lightbox=\"yes\" data-elementor-lightbox-title=\"002\" data-e-action-hash=\"#elementor-action%3Aaction%3Dlightbox%26settings%3DeyJpZCI6NjMxMiwidXJsIjoiaHR0cHM6XC9cL3BhZXplcmlhaS5pbmZvXC93cC1jb250ZW50XC91cGxvYWRzXC8yMDIzXC8wOFwvMDAyLXNjYWxlZC5qcGcifQ%3D%3D\">\n\t\t\t\t\t\t\t<img decoding=\"async\" width=\"2048\" height=\"1155\" src=\"https:\/\/paezeriai.info\/wp-content\/uploads\/2023\/08\/002-2048x1155.jpg\" class=\"attachment-2048x2048 size-2048x2048 wp-image-6312\" alt=\"\" srcset=\"https:\/\/paezeriai.info\/wp-content\/uploads\/2023\/08\/002-2048x1155.jpg 2048w, https:\/\/paezeriai.info\/wp-content\/uploads\/2023\/08\/002-300x169.jpg 300w, https:\/\/paezeriai.info\/wp-content\/uploads\/2023\/08\/002-1024x578.jpg 1024w, https:\/\/paezeriai.info\/wp-content\/uploads\/2023\/08\/002-768x433.jpg 768w, https:\/\/paezeriai.info\/wp-content\/uploads\/2023\/08\/002-1536x866.jpg 1536w\" sizes=\"(max-width: 2048px) 100vw, 2048px\" \/>\t\t\t\t\t\t\t\t<\/a>\n\t\t\t\t\t\t\t\t\t\t\t\t\t\t\t<\/div>\n\t\t\t\t<\/div>\n\t\t\t\t<div class=\"elementor-element elementor-element-526907b elementor-widget elementor-widget-image-box\" data-id=\"526907b\" data-element_type=\"widget\" data-e-type=\"widget\" data-widget_type=\"image-box.default\">\n\t\t\t\t<div class=\"elementor-widget-container\">\n\t\t\t\t\t<div class=\"elementor-image-box-wrapper\"><div class=\"elementor-image-box-content\"><h3 class=\"elementor-image-box-title\">Europos peiza\u017eai i\u0161 Mykolo \u017dilinsko kolekcijos<\/h3><p class=\"elementor-image-box-description\">\n<\/p><\/div><\/div>\t\t\t\t<\/div>\n\t\t\t\t<\/div>\n\t\t\t\t<div class=\"elementor-element elementor-element-f1ec074 elementor-widget elementor-widget-text-editor\" data-id=\"f1ec074\" data-element_type=\"widget\" data-e-type=\"widget\" data-widget_type=\"text-editor.default\">\n\t\t\t\t<div class=\"elementor-widget-container\">\n\t\t\t\t\t\t\t\t\t<p><a href=\"https:\/\/paezeriai.info\/wp-content\/uploads\/2023\/08\/Paezeriu-anotac.-2023.pdf\">Pla\u010diau<\/a><\/p>\t\t\t\t\t\t\t\t<\/div>\n\t\t\t\t<\/div>\n\t\t\t\t<div class=\"elementor-element elementor-element-441ab5c elementor-widget-divider--view-line elementor-widget elementor-widget-divider\" data-id=\"441ab5c\" data-element_type=\"widget\" data-e-type=\"widget\" data-widget_type=\"divider.default\">\n\t\t\t\t<div class=\"elementor-widget-container\">\n\t\t\t\t\t\t\t<div class=\"elementor-divider\">\n\t\t\t<span class=\"elementor-divider-separator\">\n\t\t\t\t\t\t<\/span>\n\t\t<\/div>\n\t\t\t\t\t\t<\/div>\n\t\t\t\t<\/div>\n\t\t\t\t\t<\/div>\n\t\t<\/div>\n\t\t\t\t\t<\/div>\n\t\t<\/section>\n\t\t\t\t<\/div>\n\t\t","protected":false},"excerpt":{"rendered":"<p>Paroda Art Deco i\u0161 Aleksandro Vasiljevo fondo kolekcijos XVIII\u2013XX A. PR. EUROPOS DAIL\u0116 I\u0160 MYKOLO \u017dILINSKO KOLEKCIJOS Pla\u010diau Europos peiza\u017eai i\u0161 Mykolo \u017dilinsko kolekcijos Pla\u010diau<\/p>\n","protected":false},"author":1,"featured_media":0,"parent":0,"menu_order":0,"comment_status":"closed","ping_status":"closed","template":"","meta":{"footnotes":""},"class_list":["post-3149","page","type-page","status-publish","hentry"],"_links":{"self":[{"href":"https:\/\/paezeriai.info\/en\/wp-json\/wp\/v2\/pages\/3149","targetHints":{"allow":["GET"]}}],"collection":[{"href":"https:\/\/paezeriai.info\/en\/wp-json\/wp\/v2\/pages"}],"about":[{"href":"https:\/\/paezeriai.info\/en\/wp-json\/wp\/v2\/types\/page"}],"author":[{"embeddable":true,"href":"https:\/\/paezeriai.info\/en\/wp-json\/wp\/v2\/users\/1"}],"replies":[{"embeddable":true,"href":"https:\/\/paezeriai.info\/en\/wp-json\/wp\/v2\/comments?post=3149"}],"version-history":[{"count":149,"href":"https:\/\/paezeriai.info\/en\/wp-json\/wp\/v2\/pages\/3149\/revisions"}],"predecessor-version":[{"id":8049,"href":"https:\/\/paezeriai.info\/en\/wp-json\/wp\/v2\/pages\/3149\/revisions\/8049"}],"wp:attachment":[{"href":"https:\/\/paezeriai.info\/en\/wp-json\/wp\/v2\/media?parent=3149"}],"curies":[{"name":"wp","href":"https:\/\/api.w.org\/{rel}","templated":true}]}}