{"id":2478,"date":"2021-10-23T11:08:18","date_gmt":"2021-10-23T11:08:18","guid":{"rendered":"https:\/\/paezeriai.info\/?page_id=2478"},"modified":"2021-10-24T10:49:07","modified_gmt":"2021-10-24T10:49:07","slug":"leidiniai","status":"publish","type":"page","link":"https:\/\/paezeriai.info\/en\/leidiniai\/","title":{"rendered":"Leidiniai"},"content":{"rendered":"\t\t<div data-elementor-type=\"wp-page\" data-elementor-id=\"2478\" class=\"elementor elementor-2478\" data-elementor-post-type=\"page\">\n\t\t\t\t\t\t<section class=\"elementor-section elementor-top-section elementor-element elementor-element-94f296e elementor-section-boxed elementor-section-height-default elementor-section-height-default\" data-id=\"94f296e\" data-element_type=\"section\" data-e-type=\"section\">\n\t\t\t\t\t\t<div class=\"elementor-container elementor-column-gap-default\">\n\t\t\t\t\t<div class=\"elementor-column elementor-col-100 elementor-top-column elementor-element elementor-element-872a9e0\" data-id=\"872a9e0\" data-element_type=\"column\" data-e-type=\"column\">\n\t\t\t<div class=\"elementor-widget-wrap elementor-element-populated\">\n\t\t\t\t\t\t<div class=\"elementor-element elementor-element-e6343de elementor-widget elementor-widget-text-editor\" data-id=\"e6343de\" data-element_type=\"widget\" data-e-type=\"widget\" data-widget_type=\"text-editor.default\">\n\t\t\t\t<div class=\"elementor-widget-container\">\n\t\t\t\t\t\t\t\t\t<p>Suvalkijos (S\u016bduvos) kult\u016bros centro-muziejaus fonduose sukauptas nemenkas Vilkavi\u0161kio miesto istorini\u0173 nuotrauk\u0173 archyvas. Senosiose nuotraukose \u012fam\u017eintas Vilkavi\u0161kis byloja apie tarpukario miesto puls\u0105 bei karo audras. Nedaug iki \u0161i\u0173 dien\u0173 i\u0161liko prie\u0161karinio Vilkavi\u0161kio sen\u0173j\u0173 pastat\u0173. Visuomenei svarbu susipa\u017einti su m\u016bs\u0173 kra\u0161to kult\u016bros paveldu ir palikimu, j\u012f \u012fvertinti\u00a0 ir pasid\u017eiaugti, nes tik dom\u0117damiesi ir brangindami savo kult\u016bros paveld\u0105 suvokiame jo i\u0161saugojimo svarb\u0105.<\/p><p>Kult\u016bros centras-muziejus i\u0161leido fotografij\u0173 album\u0105, kuriame atsispindi per \u0161imtmet\u012f pasikeitusio miesto vaizdai, senojo ir \u0161iandienos Vilkavi\u0161kio miesto kontrastas. Fotografij\u0173 albume trumpai pristatoma Vilkavi\u0161kio miesto istorija, kuri\u0105 iliustruoja \u012fdomios prie\u0161karin\u0117s ir n\u016bdienos fotografijos. \u0160is albumas sudomins visus, besidomin\u010dius Vilkavi\u0161kio kra\u0161to istorija ir kult\u016bros palikimu.<\/p><p>Leidin\u012f pareng\u0117 Suvalkijos (S\u016bduvos) kult\u016bros centro-muziejaus muziejinink\u0117-restaurator\u0117 Laura Kup\u010dinskien\u0117 ir fotografas K\u0119stutis Inkrata.<\/p><p>Leidinio i\u0161leidim\u0105 par\u0117m\u0117 Kult\u016bros paveldo departamentas prie Kult\u016bros ministerijos.\u00a0\u00a0<\/p><p>Fotografij\u0173 album\u0105 galima \u012fsigyti Suvalkijos (S\u016bduvos) kult\u016bros centre-muziejuje.<\/p><p>\u00a0<\/p><p>Leidinio kaina &#8211; 7,00 Eur.<br \/><br \/>D\u0117l leidinio galite susisiekti kontaktais <a href=\"\/kontaktai\/\">\u010cIA.<\/a>\u00a0<\/p>\t\t\t\t\t\t\t\t<\/div>\n\t\t\t\t<\/div>\n\t\t\t\t\t<\/div>\n\t\t<\/div>\n\t\t\t\t\t<\/div>\n\t\t<\/section>\n\t\t\t\t<\/div>\n\t\t","protected":false},"excerpt":{"rendered":"<p>Suvalkijos (S\u016bduvos) kult\u016bros centro-muziejaus fonduose sukauptas nemenkas Vilkavi\u0161kio miesto istorini\u0173 nuotrauk\u0173 archyvas. Senosiose nuotraukose \u012fam\u017eintas Vilkavi\u0161kis byloja apie tarpukario miesto puls\u0105 bei karo audras. Nedaug iki \u0161i\u0173 dien\u0173 i\u0161liko prie\u0161karinio Vilkavi\u0161kio sen\u0173j\u0173 pastat\u0173. Visuomenei svarbu susipa\u017einti su m\u016bs\u0173 kra\u0161to kult\u016bros paveldu ir palikimu, j\u012f \u012fvertinti\u00a0 ir pasid\u017eiaugti, nes tik dom\u0117damiesi ir brangindami savo kult\u016bros paveld\u0105<\/p>\n","protected":false},"author":1,"featured_media":0,"parent":0,"menu_order":0,"comment_status":"closed","ping_status":"closed","template":"","meta":{"footnotes":""},"class_list":["post-2478","page","type-page","status-publish","hentry"],"_links":{"self":[{"href":"https:\/\/paezeriai.info\/en\/wp-json\/wp\/v2\/pages\/2478","targetHints":{"allow":["GET"]}}],"collection":[{"href":"https:\/\/paezeriai.info\/en\/wp-json\/wp\/v2\/pages"}],"about":[{"href":"https:\/\/paezeriai.info\/en\/wp-json\/wp\/v2\/types\/page"}],"author":[{"embeddable":true,"href":"https:\/\/paezeriai.info\/en\/wp-json\/wp\/v2\/users\/1"}],"replies":[{"embeddable":true,"href":"https:\/\/paezeriai.info\/en\/wp-json\/wp\/v2\/comments?post=2478"}],"version-history":[{"count":4,"href":"https:\/\/paezeriai.info\/en\/wp-json\/wp\/v2\/pages\/2478\/revisions"}],"predecessor-version":[{"id":2983,"href":"https:\/\/paezeriai.info\/en\/wp-json\/wp\/v2\/pages\/2478\/revisions\/2983"}],"wp:attachment":[{"href":"https:\/\/paezeriai.info\/en\/wp-json\/wp\/v2\/media?parent=2478"}],"curies":[{"name":"wp","href":"https:\/\/api.w.org\/{rel}","templated":true}]}}