{"id":1095,"date":"2021-10-18T12:33:22","date_gmt":"2021-10-18T12:33:22","guid":{"rendered":"https:\/\/paezeriai.info\/?page_id=1095"},"modified":"2021-10-18T15:10:19","modified_gmt":"2021-10-18T15:10:19","slug":"apie-mus","status":"publish","type":"page","link":"https:\/\/paezeriai.info\/en\/apie-mus\/","title":{"rendered":"Apie mus"},"content":{"rendered":"\t\t<div data-elementor-type=\"wp-page\" data-elementor-id=\"1095\" class=\"elementor elementor-1095\" data-elementor-post-type=\"page\">\n\t\t\t\t\t\t<section class=\"elementor-section elementor-top-section elementor-element elementor-element-2955991 elementor-section-boxed elementor-section-height-default elementor-section-height-default\" data-id=\"2955991\" data-element_type=\"section\" data-e-type=\"section\">\n\t\t\t\t\t\t<div class=\"elementor-container elementor-column-gap-default\">\n\t\t\t\t\t<div class=\"elementor-column elementor-col-100 elementor-top-column elementor-element elementor-element-5a2d739\" data-id=\"5a2d739\" data-element_type=\"column\" data-e-type=\"column\">\n\t\t\t<div class=\"elementor-widget-wrap elementor-element-populated\">\n\t\t\t\t\t\t<div class=\"elementor-element elementor-element-6f63923 elementor-widget elementor-widget-text-editor\" data-id=\"6f63923\" data-element_type=\"widget\" data-e-type=\"widget\" data-widget_type=\"text-editor.default\">\n\t\t\t\t<div class=\"elementor-widget-container\">\n\t\t\t\t\t\t\t\t\t<p>Gausiai turist\u0173 lankomas ir j\u0173 pam\u0117gtas Pae\u017eeri\u0173 dvaras \u012fvardijamas kaip Suvalkijos perlas ir palydimas \u012fvairiais epitetais. Vieni \u010dia regi senosios Graikijos atspind\u012f, kiti Lietuvos Did\u017eiosios kunigaik\u0161tyst\u0117s laikus, nukelian\u010dius \u012f 18 am\u017ei\u0173.<\/p><p>Klasicistini\u0173 form\u0173 Pae\u017eeri\u0173 dvaro r\u016bmai vaizdingoje e\u017eero pakrant\u0117je pastatyti LDK didiko Simono Zabielos r\u016bpes\u010diu 1795- 1799 metais. R\u016bm\u0173 projektavo garsus Vilniaus architektas Martynas Knakfusas<\/p><p>Rezidencini\u0173, reprezentacini\u0173 r\u016bm\u0173 pob\u016bd\u012f atspindi klasicizmo stiliaus elementai \u2013 didingas r\u016bm\u0173 frontonas su kolonomis laikan\u010diomis portik\u0105 su gimin\u0117s herbu ir \u0161oniniais rizalitais papuo\u0161tais stiuko reljefais ,,Muzika\u201c ir ,,Dail\u0117\u201c. Grak\u0161t\u016bs lipdiniai tiek i\u0161or\u0117je, tiek r\u016bm\u0173 viduje atspindi r\u016bm\u0173 paskirt\u012f, propaguoti dailiuosius menus: poezij\u0105, \u0161ok\u012f , muzik\u0105, dail\u0119.<\/p><p>R\u016bm\u0173 antrajame auk\u0161te de\u0161in\u0117je pus\u0117je esantys kambariai su kolonomis i\u0161puo\u0161tu miegamuoju ir sve\u010di\u0173 pri\u0117mimo sale teikia d\u017eiuges\u012f ir nor\u0105 \u010dia atvykus pamir\u0161ti visus r\u016bpes\u010dius ir pasinerti \u012f \u0161okio svaigul\u012f, muzikos garsus.<\/p><p>\u0160okan\u010di\u0173, \u012f ekstaz\u0119 panirusi\u0173, mergin\u0173 vaizdai \u0161oki\u0173 sal\u0117s kupole, \u012fvairiara\u0161tis parketas ir muzikant\u0173 balkon\u0117lis su grak\u0161\u010diomis konsol\u0117mis keri savo \u017eavesiu ir spindesiu. \u012esp\u016bd\u012f dar padidina \u0161iaurin\u0117je pus\u0117je grak\u0161\u010di\u0173 kolon\u0173 laikomas balkonas, atveriantis vaizdus \u012f e\u017eer\u0105 ir park\u0105.<\/p><p>R\u016bm\u0173 puo\u0161yba 19 a. pirmoje pus\u0117je priskiriama r\u016bmus paveld\u0117jusiam dvarininkui Zigmantui Gauronskiui ir jo \u017emonai Natalijai Oginskytei-Gauronskienei. R\u016bmai i\u0161puo\u0161iami oland\u0173 tapytoj\u0173 darbais, Liudviko XVI stiliaus baldais.<\/p><p>2016 metais po r\u016bm\u0173 restauracijos i\u0161 Lietuvos Dail\u0117s muziejaus atve\u017eti paveikslai ir baldai lankytojus v\u0117l tarsi nukelia \u012f senuosius laikus.<\/p><p>Prie\u0161 Antr\u0105j\u012f pasaulin\u012f kar\u0105 Pae\u017eeri\u0173 dvaro r\u016bmai atiteko Vasario 16- osios Akto signatarui Jonui Vailokai\u010diui. Karo metais \u0161i rezidencija priklaus\u0117 Vokietijos generaliniam komisarui Lietuvoje Adrianui fon Rentelnui.<\/p><p>Lietuvai atk\u016brus nepriklausomyb\u0119, nuo 1995 met\u0173 Pae\u017eeri\u0173 dvare pradeda veikti Suvalkijos dail\u0117s galerija, o 1997 m. \u012fsikuria ir Vilkavi\u0161kio kra\u0161to muziejus.<\/p><p>Restauravus dvaro oficin\u0105, ap\u017evalgos bok\u0161t\u0105 ir ledain\u0119 \u010dia \u012fkeliamos kra\u0161to muziejaus ekspozicijos, o r\u016bmuose 2004 m. \u012fsikuria Suvalkijos (S\u016bduvos) regioninis kult\u016bros centas.<\/p><p>2016 met\u0173 vasar\u0105 abi \u012fstaigos sujungiamos.<\/p><p>Pae\u017eeri\u0173 dvaras gars\u0117ja klasikinio pob\u016bd\u017eio muzikiniais vakarais, edukacin\u0117mis programomis, S\u016bduvi\u0173 amat\u0173 \u0161vente, Pae\u017eeri\u0173 dvaro festivaliu, Dvar\u0173 senovin\u0117s muzikos festivaliu \u201eViva la musica\u201c ir kitais renginiais.<\/p><p>R\u016bm\u0173 aplink\u0105 pagyvina naujai \u012frengti pasivaik\u0161\u010diojimo takai parke, specialist\u0173 prie\u017ei\u016bros sulauk\u0119s senasis dvaro \u0105\u017euolas.<\/p><p>Pae\u017eeri\u0173 dvaro lankytojai r\u016bmuose gali surasti nuolat kei\u010diamas parodas bei atkurt\u0105 18 am\u017ei\u0173 menan\u010di\u0105 aplink\u0105, o kituose dvaro pastatuose veikian\u010dias muziejines ekspozicijas, menan\u010dias garsi\u0105 Vilkavi\u0161kio kra\u0161to praeit\u012f.<\/p><p>\u00a0<\/p><p>Med\u017eiag\u0105 pareng\u0117 A. \u017dilinskas<\/p>\t\t\t\t\t\t\t\t<\/div>\n\t\t\t\t<\/div>\n\t\t\t\t\t<\/div>\n\t\t<\/div>\n\t\t\t\t\t<\/div>\n\t\t<\/section>\n\t\t\t\t<\/div>\n\t\t","protected":false},"excerpt":{"rendered":"<p>Gausiai turist\u0173 lankomas ir j\u0173 pam\u0117gtas Pae\u017eeri\u0173 dvaras \u012fvardijamas kaip Suvalkijos perlas ir palydimas \u012fvairiais epitetais. Vieni \u010dia regi senosios Graikijos atspind\u012f, kiti Lietuvos Did\u017eiosios kunigaik\u0161tyst\u0117s laikus, nukelian\u010dius \u012f 18 am\u017ei\u0173. Klasicistini\u0173 form\u0173 Pae\u017eeri\u0173 dvaro r\u016bmai vaizdingoje e\u017eero pakrant\u0117je pastatyti LDK didiko Simono Zabielos r\u016bpes\u010diu 1795- 1799 metais. R\u016bm\u0173 projektavo garsus Vilniaus architektas Martynas Knakfusas<\/p>\n","protected":false},"author":1,"featured_media":0,"parent":0,"menu_order":0,"comment_status":"closed","ping_status":"closed","template":"","meta":{"footnotes":""},"class_list":["post-1095","page","type-page","status-publish","hentry"],"_links":{"self":[{"href":"https:\/\/paezeriai.info\/en\/wp-json\/wp\/v2\/pages\/1095","targetHints":{"allow":["GET"]}}],"collection":[{"href":"https:\/\/paezeriai.info\/en\/wp-json\/wp\/v2\/pages"}],"about":[{"href":"https:\/\/paezeriai.info\/en\/wp-json\/wp\/v2\/types\/page"}],"author":[{"embeddable":true,"href":"https:\/\/paezeriai.info\/en\/wp-json\/wp\/v2\/users\/1"}],"replies":[{"embeddable":true,"href":"https:\/\/paezeriai.info\/en\/wp-json\/wp\/v2\/comments?post=1095"}],"version-history":[{"count":4,"href":"https:\/\/paezeriai.info\/en\/wp-json\/wp\/v2\/pages\/1095\/revisions"}],"predecessor-version":[{"id":1100,"href":"https:\/\/paezeriai.info\/en\/wp-json\/wp\/v2\/pages\/1095\/revisions\/1100"}],"wp:attachment":[{"href":"https:\/\/paezeriai.info\/en\/wp-json\/wp\/v2\/media?parent=1095"}],"curies":[{"name":"wp","href":"https:\/\/api.w.org\/{rel}","templated":true}]}}