{"id":1037,"date":"2021-10-18T11:31:42","date_gmt":"2021-10-18T11:31:42","guid":{"rendered":"https:\/\/paezeriai.info\/?page_id=1037"},"modified":"2021-10-18T12:15:31","modified_gmt":"2021-10-18T12:15:31","slug":"darbo-laikas","status":"publish","type":"page","link":"https:\/\/paezeriai.info\/en\/darbo-laikas\/","title":{"rendered":"Darbo laikas"},"content":{"rendered":"\t\t<div data-elementor-type=\"wp-page\" data-elementor-id=\"1037\" class=\"elementor elementor-1037\" data-elementor-post-type=\"page\">\n\t\t\t\t\t\t<section class=\"elementor-section elementor-top-section elementor-element elementor-element-9e71a7a elementor-section-boxed elementor-section-height-default elementor-section-height-default\" data-id=\"9e71a7a\" data-element_type=\"section\" data-e-type=\"section\">\n\t\t\t\t\t\t<div class=\"elementor-container elementor-column-gap-default\">\n\t\t\t\t\t<div class=\"elementor-column elementor-col-50 elementor-top-column elementor-element elementor-element-2a42f1e\" data-id=\"2a42f1e\" data-element_type=\"column\" data-e-type=\"column\">\n\t\t\t<div class=\"elementor-widget-wrap elementor-element-populated\">\n\t\t\t\t\t\t<div class=\"elementor-element elementor-element-ee58a0b elementor-widget elementor-widget-text-editor\" data-id=\"ee58a0b\" data-element_type=\"widget\" data-e-type=\"widget\" data-widget_type=\"text-editor.default\">\n\t\t\t\t<div class=\"elementor-widget-container\">\n\t\t\t\t\t\t\t\t\t<h4><strong>Muziejaus darbo laikas<\/strong><\/h4>\t\t\t\t\t\t\t\t<\/div>\n\t\t\t\t<\/div>\n\t\t\t\t<div class=\"elementor-element elementor-element-c73c0bf elementor-widget elementor-widget-text-editor\" data-id=\"c73c0bf\" data-element_type=\"widget\" data-e-type=\"widget\" data-widget_type=\"text-editor.default\">\n\t\t\t\t<div class=\"elementor-widget-container\">\n\t\t\t\t\t\t\t\t\t<h4>nuo baland\u017eio 1 d. iki rugs\u0117jo 30 d.*:<\/h4>\t\t\t\t\t\t\t\t<\/div>\n\t\t\t\t<\/div>\n\t\t\t\t<div class=\"elementor-element elementor-element-cc68b2a elementor-widget elementor-widget-eael-advanced-data-table\" data-id=\"cc68b2a\" data-element_type=\"widget\" data-e-type=\"widget\" data-widget_type=\"eael-advanced-data-table.default\">\n\t\t\t\t<div class=\"elementor-widget-container\">\n\t\t\t\t\t<div class=\"ea-advanced-data-table-wrap\" data-id=\"cc68b2a\"><div class=\"ea-advanced-data-table-wrap-inner\">\n                <table class=\"ea-advanced-data-table ea-advanced-data-table-static ea-advanced-data-table-cc68b2a ea-advanced-data-table-paginated\" data-id=\"cc68b2a\" data-items-per-page=\"10\"><thead><tr><th><p>Savait\u0117s diena<\/p><\/th><th><p>Darbo laikas<\/p><\/th><\/tr><\/thead><tbody><tr><td><p>Antradienis - Penktadienis<\/p><\/td><td><p>9:00 - 17:00 val.<\/p><\/td><\/tr><tr><td><p>\u0160e\u0161tadienis<\/p><\/td><td><p>10:00 - 18:00 val.<\/p><\/td><\/tr><tr><td><p>Sekmadienis<\/p><\/td><td><p>11:00 - 16:00 val.<\/p><\/td><\/tr><\/tbody><\/table>\n            <\/div><div class=\"ea-advanced-data-table-pagination ea-advanced-data-table-pagination-button clearfix\"><\/div><\/div>\t\t\t\t<\/div>\n\t\t\t\t<\/div>\n\t\t\t\t<div class=\"elementor-element elementor-element-3389542 elementor-widget elementor-widget-text-editor\" data-id=\"3389542\" data-element_type=\"widget\" data-e-type=\"widget\" data-widget_type=\"text-editor.default\">\n\t\t\t\t<div class=\"elementor-widget-container\">\n\t\t\t\t\t\t\t\t\t<h4>*Pirmadieniais lankytojai neaptarnaujami<\/h4>\t\t\t\t\t\t\t\t<\/div>\n\t\t\t\t<\/div>\n\t\t\t\t<div class=\"elementor-element elementor-element-6b6535e elementor-widget elementor-widget-text-editor\" data-id=\"6b6535e\" data-element_type=\"widget\" data-e-type=\"widget\" data-widget_type=\"text-editor.default\">\n\t\t\t\t<div class=\"elementor-widget-container\">\n\t\t\t\t\t\t\t\t\t<h4>nuo spalio 1 d. iki baland\u017eio 1 d. :<\/h4>\t\t\t\t\t\t\t\t<\/div>\n\t\t\t\t<\/div>\n\t\t\t\t<div class=\"elementor-element elementor-element-00686dd elementor-widget elementor-widget-eael-advanced-data-table\" data-id=\"00686dd\" data-element_type=\"widget\" data-e-type=\"widget\" data-widget_type=\"eael-advanced-data-table.default\">\n\t\t\t\t<div class=\"elementor-widget-container\">\n\t\t\t\t\t<div class=\"ea-advanced-data-table-wrap\" data-id=\"00686dd\"><div class=\"ea-advanced-data-table-wrap-inner\">\n                <table class=\"ea-advanced-data-table ea-advanced-data-table-static ea-advanced-data-table-00686dd ea-advanced-data-table-paginated\" data-id=\"00686dd\" data-items-per-page=\"10\"><thead><tr><th><p>Savait\u0117s diena<\/p><\/th><th><p>Darbo laikas<\/p><\/th><\/tr><\/thead><tbody><tr><td><p>Pirmadienis - Penktadienis\t<\/p><\/td><td><p>9:00 - 17:00 val.<\/p><\/td><\/tr><tr><td><p>\u0160e\u0161tadienis - Sekmadienis<\/p><\/td><td><p>Nedirba*<\/p><\/td><\/tr><\/tbody><\/table>\n            <\/div><div class=\"ea-advanced-data-table-pagination ea-advanced-data-table-pagination-button clearfix\"><\/div><\/div>\t\t\t\t<\/div>\n\t\t\t\t<\/div>\n\t\t\t\t<div class=\"elementor-element elementor-element-ec779f7 elementor-widget elementor-widget-text-editor\" data-id=\"ec779f7\" data-element_type=\"widget\" data-e-type=\"widget\" data-widget_type=\"text-editor.default\">\n\t\t\t\t<div class=\"elementor-widget-container\">\n\t\t\t\t\t\t\t\t\t<h4>*nuo spalio 1 d. iki baland\u017eio 1 d. \u0161e\u0161tadieniais ir sekmadieniais Suvalkijos (S\u016bduvos) kult\u016bros centras &#8211; muziejus dirba pagal i\u0161ankstinius u\u017esakymus ir suplanuotus renginius<\/h4>\t\t\t\t\t\t\t\t<\/div>\n\t\t\t\t<\/div>\n\t\t\t\t\t<\/div>\n\t\t<\/div>\n\t\t\t\t<div class=\"elementor-column elementor-col-50 elementor-top-column elementor-element elementor-element-fde960f\" data-id=\"fde960f\" data-element_type=\"column\" data-e-type=\"column\">\n\t\t\t<div class=\"elementor-widget-wrap elementor-element-populated\">\n\t\t\t\t\t\t<div class=\"elementor-element elementor-element-f41aeec elementor-widget elementor-widget-text-editor\" data-id=\"f41aeec\" data-element_type=\"widget\" data-e-type=\"widget\" data-widget_type=\"text-editor.default\">\n\t\t\t\t<div class=\"elementor-widget-container\">\n\t\t\t\t\t\t\t\t\t<h4><strong>Administracijos darbo laikas<\/strong><\/h4><div><strong>\u00a0<\/strong><\/div>\t\t\t\t\t\t\t\t<\/div>\n\t\t\t\t<\/div>\n\t\t\t\t<div class=\"elementor-element elementor-element-1235bd2 elementor-widget elementor-widget-eael-advanced-data-table\" data-id=\"1235bd2\" data-element_type=\"widget\" data-e-type=\"widget\" data-widget_type=\"eael-advanced-data-table.default\">\n\t\t\t\t<div class=\"elementor-widget-container\">\n\t\t\t\t\t<div class=\"ea-advanced-data-table-wrap\" data-id=\"1235bd2\"><div class=\"ea-advanced-data-table-wrap-inner\">\n                <table class=\"ea-advanced-data-table ea-advanced-data-table-static ea-advanced-data-table-1235bd2 ea-advanced-data-table-paginated\" data-id=\"1235bd2\" data-items-per-page=\"10\"><thead><tr><th><p>Savait\u0117s diena<\/p><\/th><th><p>Darbo laikas<\/p><\/th><\/tr><\/thead><tbody><tr><td><p>Pirmadienis - Ketvirtadienis<\/p><\/td><td><p>8:00 - 17:00 val.<\/p><\/td><\/tr><tr><td><p>Penktadienis<\/p><\/td><td><p>8:00 - 15:45 val.<\/p><\/td><\/tr><tr><td><p>Piet\u0173 pertrauka<\/p><\/td><td><p>12:00 - 12:45 val.<\/p><\/td><\/tr><\/tbody><\/table>\n            <\/div><div class=\"ea-advanced-data-table-pagination ea-advanced-data-table-pagination-button clearfix\"><\/div><\/div>\t\t\t\t<\/div>\n\t\t\t\t<\/div>\n\t\t\t\t\t<\/div>\n\t\t<\/div>\n\t\t\t\t\t<\/div>\n\t\t<\/section>\n\t\t\t\t<\/div>\n\t\t","protected":false},"excerpt":{"rendered":"<p>Muziejaus darbo laikas nuo baland\u017eio 1 d. iki rugs\u0117jo 30 d.*: Savait\u0117s diena Darbo laikas Antradienis &#8211; Penktadienis 9:00 &#8211; 17:00 val. \u0160e\u0161tadienis 10:00 &#8211; 18:00 val. Sekmadienis 11:00 &#8211; 16:00 val. *Pirmadieniais lankytojai neaptarnaujami nuo spalio 1 d. iki baland\u017eio 1 d. : Savait\u0117s diena Darbo laikas Pirmadienis &#8211; Penktadienis 9:00 &#8211; 17:00 val.<\/p>\n","protected":false},"author":1,"featured_media":0,"parent":0,"menu_order":0,"comment_status":"closed","ping_status":"closed","template":"","meta":{"footnotes":""},"class_list":["post-1037","page","type-page","status-publish","hentry"],"_links":{"self":[{"href":"https:\/\/paezeriai.info\/en\/wp-json\/wp\/v2\/pages\/1037","targetHints":{"allow":["GET"]}}],"collection":[{"href":"https:\/\/paezeriai.info\/en\/wp-json\/wp\/v2\/pages"}],"about":[{"href":"https:\/\/paezeriai.info\/en\/wp-json\/wp\/v2\/types\/page"}],"author":[{"embeddable":true,"href":"https:\/\/paezeriai.info\/en\/wp-json\/wp\/v2\/users\/1"}],"replies":[{"embeddable":true,"href":"https:\/\/paezeriai.info\/en\/wp-json\/wp\/v2\/comments?post=1037"}],"version-history":[{"count":55,"href":"https:\/\/paezeriai.info\/en\/wp-json\/wp\/v2\/pages\/1037\/revisions"}],"predecessor-version":[{"id":1094,"href":"https:\/\/paezeriai.info\/en\/wp-json\/wp\/v2\/pages\/1037\/revisions\/1094"}],"wp:attachment":[{"href":"https:\/\/paezeriai.info\/en\/wp-json\/wp\/v2\/media?parent=1037"}],"curies":[{"name":"wp","href":"https:\/\/api.w.org\/{rel}","templated":true}]}}